{"id":1153,"date":"2017-10-16T00:09:34","date_gmt":"2017-10-16T02:09:34","guid":{"rendered":"http:\/\/resnand.com.br\/?page_id=1153"},"modified":"2024-10-26T17:14:43","modified_gmt":"2024-10-26T20:14:43","slug":"resistencias-para-fornos-industriais","status":"publish","type":"page","link":"https:\/\/resnand.com.br\/?page_id=1153","title":{"rendered":"Resist\u00eancias para Fornos Industriais"},"content":{"rendered":"<div id=\"pl-1153\"  class=\"panel-layout\" ><div id=\"pg-1153-0\"  class=\"panel-grid panel-has-style\" ><div class=\"siteorigin-panels-stretch panel-row-style panel-row-style-for-1153-0\" data-stretch-type=\"full-width-stretch\" ><div id=\"pgc-1153-0-0\"  class=\"panel-grid-cell\" ><div id=\"panel-1153-0-0-0\" class=\"so-panel widget widget_sow-hero panel-first-child panel-last-child\" data-index=\"0\" ><div\n\t\t\t\n\t\t\tclass=\"so-widget-sow-hero so-widget-sow-hero-default-33973dc4f679-1153\"\n\t\t\t\n\t\t>\t\t\t\t<div class=\"sow-slider-base\" style=\"display: none\" tabindex=\"0\">\n\t\t\t\t\t<ul\n\t\t\t\t\tclass=\"sow-slider-images\"\n\t\t\t\t\tdata-settings=\"{&quot;pagination&quot;:true,&quot;speed&quot;:800,&quot;timeout&quot;:8000,&quot;paused&quot;:false,&quot;pause_on_hover&quot;:true,&quot;swipe&quot;:true,&quot;nav_always_show_desktop&quot;:true,&quot;nav_always_show_mobile&quot;:true,&quot;breakpoint&quot;:&quot;780px&quot;,&quot;unmute&quot;:false,&quot;anchor&quot;:null}\"\n\t\t\t\t\tstyle=\"min-height: 350px\"\t\t\t\t\tdata-anchor-id=\"\"\n\t\t\t\t>\t\t<li class=\"sow-slider-image  sow-slider-image-cover\" style=\"visibility: visible;;background-color: #333333;background-image: url(https:\/\/resnand.com.br\/wp-content\/uploads\/2024\/10\/nossos_produtos_04.jpg)\" >\n\t\t\t\t\t<div class=\"sow-slider-image-container\">\n\t\t\t<div class=\"sow-slider-image-wrapper\">\n\t\t\t\t<h3 style=\"text-align: center\">NOSSOS PRODUTOS<\/h3>\n\t\t\t<\/div>\n\t\t<\/div>\n\t\t\t\t<\/li>\n\t\t<\/ul>\t\t\t\t<ol class=\"sow-slider-pagination\">\n\t\t\t\t\t\t\t\t\t\t\t<li><a href=\"#\" data-goto=\"0\" aria-label=\"Display slide 1\"><\/a><\/li>\n\t\t\t\t\t\t\t\t\t<\/ol>\n\n\t\t\t\t<div class=\"sow-slide-nav sow-slide-nav-next\">\n\t\t\t\t\t<a href=\"#\" data-goto=\"next\" aria-label=\"Next slide\" data-action=\"next\">\n\t\t\t\t\t\t<em class=\"sow-sld-icon-thin-right\"><\/em>\n\t\t\t\t\t<\/a>\n\t\t\t\t<\/div>\n\n\t\t\t\t<div class=\"sow-slide-nav sow-slide-nav-prev\">\n\t\t\t\t\t<a href=\"#\" data-goto=\"previous\" aria-label=\"Previous slide\" data-action=\"prev\">\n\t\t\t\t\t\t<em class=\"sow-sld-icon-thin-left\"><\/em>\n\t\t\t\t\t<\/a>\n\t\t\t\t<\/div>\n\t\t\t\t<\/div><\/div><\/div><\/div><\/div><\/div><div id=\"pg-1153-1\"  class=\"panel-grid panel-no-style\" ><div id=\"pgc-1153-1-0\"  class=\"panel-grid-cell\" ><div id=\"panel-1153-1-0-0\" class=\"so-panel widget widget_sow-editor panel-first-child panel-last-child\" data-index=\"1\" ><div\n\t\t\t\n\t\t\tclass=\"so-widget-sow-editor so-widget-sow-editor-base\"\n\t\t\t\n\t\t>\n<div class=\"siteorigin-widget-tinymce textwidget\">\n\t<h1 style=\"text-align: center;\">Resist\u00eancias para Fornos Industriais<\/h1>\n<figure id=\"attachment_1503\" aria-describedby=\"caption-attachment-1503\" style=\"width: 300px\" class=\"wp-caption aligncenter\"><img loading=\"lazy\" decoding=\"async\" class=\"wp-image-1503 size-medium\" src=\"http:\/\/resnand.com.br\/wp-content\/uploads\/2017\/10\/resistencia-013-1-300x178.jpg\" alt=\"\" width=\"300\" height=\"178\" srcset=\"https:\/\/resnand.com.br\/wp-content\/uploads\/2017\/10\/resistencia-013-1-300x178.jpg 300w, https:\/\/resnand.com.br\/wp-content\/uploads\/2017\/10\/resistencia-013-1.jpg 468w\" sizes=\"auto, (max-width: 300px) 100vw, 300px\" \/><figcaption id=\"caption-attachment-1503\" class=\"wp-caption-text\">Resist\u00eancias para Fornos Industriais de t\u00eampera, normaliza\u00e7\u00e3o, estufas e tratamento t\u00e9rmico.<\/figcaption><\/figure>\n<figure id=\"attachment_1599\" aria-describedby=\"caption-attachment-1599\" style=\"width: 300px\" class=\"wp-caption aligncenter\"><img loading=\"lazy\" decoding=\"async\" class=\"wp-image-1599 size-medium\" src=\"http:\/\/resnand.com.br\/wp-content\/uploads\/2017\/10\/fornos-1-300x200.jpg\" alt=\"\" width=\"300\" height=\"200\" srcset=\"https:\/\/resnand.com.br\/wp-content\/uploads\/2017\/10\/fornos-1-300x200.jpg 300w, https:\/\/resnand.com.br\/wp-content\/uploads\/2017\/10\/fornos-1-768x512.jpg 768w, https:\/\/resnand.com.br\/wp-content\/uploads\/2017\/10\/fornos-1-1024x683.jpg 1024w, https:\/\/resnand.com.br\/wp-content\/uploads\/2017\/10\/fornos-1-272x182.jpg 272w\" sizes=\"auto, (max-width: 300px) 100vw, 300px\" \/><figcaption id=\"caption-attachment-1599\" class=\"wp-caption-text\">Resist\u00eancias para Fornos Industriais de t\u00eampera, normaliza\u00e7\u00e3o, estufas e tratamento t\u00e9rmico.<\/figcaption><\/figure>\n<figure id=\"attachment_1597\" aria-describedby=\"caption-attachment-1597\" style=\"width: 300px\" class=\"wp-caption aligncenter\"><img loading=\"lazy\" decoding=\"async\" class=\"wp-image-1597 size-medium\" src=\"http:\/\/resnand.com.br\/wp-content\/uploads\/2017\/10\/resistencia-espiral-paa-fornos-tanglass-1-300x200.jpg\" alt=\"Resist\u00eancia espiral para fornos tanglass\" width=\"300\" height=\"200\" srcset=\"https:\/\/resnand.com.br\/wp-content\/uploads\/2017\/10\/resistencia-espiral-paa-fornos-tanglass-1-300x200.jpg 300w, https:\/\/resnand.com.br\/wp-content\/uploads\/2017\/10\/resistencia-espiral-paa-fornos-tanglass-1-768x512.jpg 768w, https:\/\/resnand.com.br\/wp-content\/uploads\/2017\/10\/resistencia-espiral-paa-fornos-tanglass-1-1024x683.jpg 1024w, https:\/\/resnand.com.br\/wp-content\/uploads\/2017\/10\/resistencia-espiral-paa-fornos-tanglass-1-272x182.jpg 272w\" sizes=\"auto, (max-width: 300px) 100vw, 300px\" \/><figcaption id=\"caption-attachment-1597\" class=\"wp-caption-text\">Resist\u00eancia espiral para fornos tanglass.<\/figcaption><\/figure>\n<figure id=\"attachment_1475\" aria-describedby=\"caption-attachment-1475\" style=\"width: 300px\" class=\"wp-caption aligncenter\"><img loading=\"lazy\" decoding=\"async\" class=\"wp-image-1475 size-medium\" src=\"http:\/\/resnand.com.br\/wp-content\/uploads\/2017\/10\/quartzo-300x300.jpg\" alt=\"\" width=\"300\" height=\"300\" srcset=\"https:\/\/resnand.com.br\/wp-content\/uploads\/2017\/10\/quartzo-300x300.jpg 300w, https:\/\/resnand.com.br\/wp-content\/uploads\/2017\/10\/quartzo-150x150.jpg 150w, https:\/\/resnand.com.br\/wp-content\/uploads\/2017\/10\/quartzo-768x768.jpg 768w, https:\/\/resnand.com.br\/wp-content\/uploads\/2017\/10\/quartzo-1024x1024.jpg 1024w, https:\/\/resnand.com.br\/wp-content\/uploads\/2017\/10\/quartzo-510x510.jpg 510w\" sizes=\"auto, (max-width: 300px) 100vw, 300px\" \/><figcaption id=\"caption-attachment-1475\" class=\"wp-caption-text\">Resist\u00eancias em Quartzo s\u00e3o aplicadas no aquecimento de estufas, secagem de pintura, termoformagem de pl\u00e1sticos e fornos de vidros.<\/figcaption><\/figure>\n<h3 align=\"center\">Oferecemos tamb\u00e9m presta\u00e7\u00e3o de servi\u00e7os el\u00e9tricos para ind\u00fastrias de vidros blindados.<\/h3>\n<h6 style=\"text-align: center;\"><span style=\"font-size: medium;\">A <\/span><span style=\"font-size: large;\">TME <\/span>\u00e9 uma empresa prestadora de servi\u00e7os el\u00e9tricos atendendo h\u00e1 8 anos o exigente mercado de vidros blindados.<\/h6>\n<h6 style=\"text-align: center;\">A TME atua desde a instala\u00e7\u00e3o e manuten\u00e7\u00e3o el\u00e9trica, projetos especiais e montagem de m\u00e1quinas.<\/h6>\n<div id='gallery-1' class='gallery galleryid-1153 gallery-columns-4 gallery-size-thumbnail'><figure class='gallery-item'>\n\t\t\t<div class='gallery-icon landscape'>\n\t\t\t\t<img loading=\"lazy\" decoding=\"async\" width=\"150\" height=\"150\" src=\"https:\/\/resnand.com.br\/wp-content\/uploads\/2017\/10\/cuba_de_vidro_edited-1-150x150.jpg\" class=\"attachment-thumbnail size-thumbnail\" alt=\"\" srcset=\"https:\/\/resnand.com.br\/wp-content\/uploads\/2017\/10\/cuba_de_vidro_edited-1-150x150.jpg 150w, https:\/\/resnand.com.br\/wp-content\/uploads\/2017\/10\/cuba_de_vidro_edited-1-270x270.jpg 270w, https:\/\/resnand.com.br\/wp-content\/uploads\/2017\/10\/cuba_de_vidro_edited-1-230x230.jpg 230w\" sizes=\"auto, (max-width: 150px) 100vw, 150px\" \/>\n\t\t\t<\/div><\/figure><figure class='gallery-item'>\n\t\t\t<div class='gallery-icon landscape'>\n\t\t\t\t<img loading=\"lazy\" decoding=\"async\" width=\"150\" height=\"150\" src=\"https:\/\/resnand.com.br\/wp-content\/uploads\/2017\/10\/Artglass_edited-150x150.jpg\" class=\"attachment-thumbnail size-thumbnail\" alt=\"\" srcset=\"https:\/\/resnand.com.br\/wp-content\/uploads\/2017\/10\/Artglass_edited-150x150.jpg 150w, https:\/\/resnand.com.br\/wp-content\/uploads\/2017\/10\/Artglass_edited-270x270.jpg 270w, https:\/\/resnand.com.br\/wp-content\/uploads\/2017\/10\/Artglass_edited-230x230.jpg 230w\" sizes=\"auto, (max-width: 150px) 100vw, 150px\" \/>\n\t\t\t<\/div><\/figure><figure class='gallery-item'>\n\t\t\t<div class='gallery-icon landscape'>\n\t\t\t\t<img loading=\"lazy\" decoding=\"async\" width=\"150\" height=\"150\" src=\"https:\/\/resnand.com.br\/wp-content\/uploads\/2017\/10\/ciberglass_edited-150x150.jpg\" class=\"attachment-thumbnail size-thumbnail\" alt=\"\" srcset=\"https:\/\/resnand.com.br\/wp-content\/uploads\/2017\/10\/ciberglass_edited-150x150.jpg 150w, https:\/\/resnand.com.br\/wp-content\/uploads\/2017\/10\/ciberglass_edited-270x270.jpg 270w, https:\/\/resnand.com.br\/wp-content\/uploads\/2017\/10\/ciberglass_edited-230x230.jpg 230w\" sizes=\"auto, (max-width: 150px) 100vw, 150px\" \/>\n\t\t\t<\/div><\/figure><figure class='gallery-item'>\n\t\t\t<div class='gallery-icon landscape'>\n\t\t\t\t<img loading=\"lazy\" decoding=\"async\" width=\"150\" height=\"150\" src=\"https:\/\/resnand.com.br\/wp-content\/uploads\/2017\/10\/scapeglass_edited-150x150.jpg\" class=\"attachment-thumbnail size-thumbnail\" alt=\"\" srcset=\"https:\/\/resnand.com.br\/wp-content\/uploads\/2017\/10\/scapeglass_edited-150x150.jpg 150w, https:\/\/resnand.com.br\/wp-content\/uploads\/2017\/10\/scapeglass_edited-270x270.jpg 270w, https:\/\/resnand.com.br\/wp-content\/uploads\/2017\/10\/scapeglass_edited-230x230.jpg 230w\" sizes=\"auto, (max-width: 150px) 100vw, 150px\" \/>\n\t\t\t<\/div><\/figure>\n\t\t<\/div>\n\n<\/div>\n<\/div><\/div><\/div><\/div><\/div>","protected":false},"excerpt":{"rendered":"<p>Resist\u00eancias para Fornos Industriais Oferecemos tamb\u00e9m presta\u00e7\u00e3o de servi\u00e7os el\u00e9tricos para ind\u00fastrias de vidros blindados. A TME \u00e9 uma empresa [&hellip;]<\/p>\n","protected":false},"author":1,"featured_media":0,"parent":820,"menu_order":8,"comment_status":"closed","ping_status":"closed","template":"","meta":{"site-sidebar-layout":"default","site-content-layout":"","ast-site-content-layout":"full-width-container","site-content-style":"default","site-sidebar-style":"default","ast-global-header-display":"","ast-banner-title-visibility":"","ast-main-header-display":"","ast-hfb-above-header-display":"","ast-hfb-below-header-display":"","ast-hfb-mobile-header-display":"","site-post-title":"","ast-breadcrumbs-content":"","ast-featured-img":"","footer-sml-layout":"","theme-transparent-header-meta":"default","adv-header-id-meta":"","stick-header-meta":"","header-above-stick-meta":"","header-main-stick-meta":"","header-below-stick-meta":"","astra-migrate-meta-layouts":"set","ast-page-background-enabled":"default","ast-page-background-meta":{"desktop":{"background-color":"var(--ast-global-color-4)","background-image":"","background-repeat":"repeat","background-position":"center center","background-size":"auto","background-attachment":"scroll","background-type":"","background-media":"","overlay-type":"","overlay-color":"","overlay-opacity":"","overlay-gradient":""},"tablet":{"background-color":"","background-image":"","background-repeat":"repeat","background-position":"center center","background-size":"auto","background-attachment":"scroll","background-type":"","background-media":"","overlay-type":"","overlay-color":"","overlay-opacity":"","overlay-gradient":""},"mobile":{"background-color":"","background-image":"","background-repeat":"repeat","background-position":"center center","background-size":"auto","background-attachment":"scroll","background-type":"","background-media":"","overlay-type":"","overlay-color":"","overlay-opacity":"","overlay-gradient":""}},"ast-content-background-meta":{"desktop":{"background-color":"var(--ast-global-color-5)","background-image":"","background-repeat":"repeat","background-position":"center center","background-size":"auto","background-attachment":"scroll","background-type":"","background-media":"","overlay-type":"","overlay-color":"","overlay-opacity":"","overlay-gradient":""},"tablet":{"background-color":"var(--ast-global-color-5)","background-image":"","background-repeat":"repeat","background-position":"center center","background-size":"auto","background-attachment":"scroll","background-type":"","background-media":"","overlay-type":"","overlay-color":"","overlay-opacity":"","overlay-gradient":""},"mobile":{"background-color":"var(--ast-global-color-5)","background-image":"","background-repeat":"repeat","background-position":"center center","background-size":"auto","background-attachment":"scroll","background-type":"","background-media":"","overlay-type":"","overlay-color":"","overlay-opacity":"","overlay-gradient":""}},"footnotes":""},"class_list":["post-1153","page","type-page","status-publish","hentry"],"_links":{"self":[{"href":"https:\/\/resnand.com.br\/index.php?rest_route=\/wp\/v2\/pages\/1153","targetHints":{"allow":["GET"]}}],"collection":[{"href":"https:\/\/resnand.com.br\/index.php?rest_route=\/wp\/v2\/pages"}],"about":[{"href":"https:\/\/resnand.com.br\/index.php?rest_route=\/wp\/v2\/types\/page"}],"author":[{"embeddable":true,"href":"https:\/\/resnand.com.br\/index.php?rest_route=\/wp\/v2\/users\/1"}],"replies":[{"embeddable":true,"href":"https:\/\/resnand.com.br\/index.php?rest_route=%2Fwp%2Fv2%2Fcomments&post=1153"}],"version-history":[{"count":20,"href":"https:\/\/resnand.com.br\/index.php?rest_route=\/wp\/v2\/pages\/1153\/revisions"}],"predecessor-version":[{"id":2605,"href":"https:\/\/resnand.com.br\/index.php?rest_route=\/wp\/v2\/pages\/1153\/revisions\/2605"}],"up":[{"embeddable":true,"href":"https:\/\/resnand.com.br\/index.php?rest_route=\/wp\/v2\/pages\/820"}],"wp:attachment":[{"href":"https:\/\/resnand.com.br\/index.php?rest_route=%2Fwp%2Fv2%2Fmedia&parent=1153"}],"curies":[{"name":"wp","href":"https:\/\/api.w.org\/{rel}","templated":true}]}}