{"id":1164,"date":"2017-10-16T00:16:48","date_gmt":"2017-10-16T02:16:48","guid":{"rendered":"http:\/\/resnand.com.br\/?page_id=1164"},"modified":"2024-10-26T17:09:08","modified_gmt":"2024-10-26T20:09:08","slug":"resistencias-em-ceramica","status":"publish","type":"page","link":"https:\/\/resnand.com.br\/?page_id=1164","title":{"rendered":"Resist\u00eancias Cer\u00e2mica"},"content":{"rendered":"<div id=\"pl-1164\"  class=\"panel-layout\" ><div id=\"pg-1164-0\"  class=\"panel-grid panel-has-style\" ><div class=\"siteorigin-panels-stretch panel-row-style panel-row-style-for-1164-0\" data-stretch-type=\"full-width-stretch\" ><div id=\"pgc-1164-0-0\"  class=\"panel-grid-cell\" ><div id=\"panel-1164-0-0-0\" class=\"so-panel widget widget_sow-hero panel-first-child panel-last-child\" data-index=\"0\" ><div\n\t\t\t\n\t\t\tclass=\"so-widget-sow-hero so-widget-sow-hero-default-33973dc4f679-1164\"\n\t\t\t\n\t\t>\t\t\t\t<div class=\"sow-slider-base\" style=\"display: none\" tabindex=\"0\">\n\t\t\t\t\t<ul\n\t\t\t\t\tclass=\"sow-slider-images\"\n\t\t\t\t\tdata-settings=\"{&quot;pagination&quot;:true,&quot;speed&quot;:800,&quot;timeout&quot;:8000,&quot;paused&quot;:false,&quot;pause_on_hover&quot;:true,&quot;swipe&quot;:true,&quot;nav_always_show_desktop&quot;:true,&quot;nav_always_show_mobile&quot;:true,&quot;breakpoint&quot;:&quot;780px&quot;,&quot;unmute&quot;:false,&quot;anchor&quot;:null}\"\n\t\t\t\t\tstyle=\"min-height: 350px\"\t\t\t\t\tdata-anchor-id=\"\"\n\t\t\t\t>\t\t<li class=\"sow-slider-image  sow-slider-image-cover\" style=\"visibility: visible;;background-color: #333333;background-image: url(https:\/\/resnand.com.br\/wp-content\/uploads\/2024\/10\/nossos_produtos_04.jpg)\" >\n\t\t\t\t\t<div class=\"sow-slider-image-container\">\n\t\t\t<div class=\"sow-slider-image-wrapper\">\n\t\t\t\t<h3 style=\"text-align: center\">NOSSOS PRODUTOS<\/h3>\n\t\t\t<\/div>\n\t\t<\/div>\n\t\t\t\t<\/li>\n\t\t<\/ul>\t\t\t\t<ol class=\"sow-slider-pagination\">\n\t\t\t\t\t\t\t\t\t\t\t<li><a href=\"#\" data-goto=\"0\" aria-label=\"Display slide 1\"><\/a><\/li>\n\t\t\t\t\t\t\t\t\t<\/ol>\n\n\t\t\t\t<div class=\"sow-slide-nav sow-slide-nav-next\">\n\t\t\t\t\t<a href=\"#\" data-goto=\"next\" aria-label=\"Next slide\" data-action=\"next\">\n\t\t\t\t\t\t<em class=\"sow-sld-icon-thin-right\"><\/em>\n\t\t\t\t\t<\/a>\n\t\t\t\t<\/div>\n\n\t\t\t\t<div class=\"sow-slide-nav sow-slide-nav-prev\">\n\t\t\t\t\t<a href=\"#\" data-goto=\"previous\" aria-label=\"Previous slide\" data-action=\"prev\">\n\t\t\t\t\t\t<em class=\"sow-sld-icon-thin-left\"><\/em>\n\t\t\t\t\t<\/a>\n\t\t\t\t<\/div>\n\t\t\t\t<\/div><\/div><\/div><\/div><\/div><\/div><div id=\"pg-1164-1\"  class=\"panel-grid panel-no-style\" ><div id=\"pgc-1164-1-0\"  class=\"panel-grid-cell\" ><div id=\"panel-1164-1-0-0\" class=\"so-panel widget widget_sow-editor panel-first-child panel-last-child\" data-index=\"1\" ><div\n\t\t\t\n\t\t\tclass=\"so-widget-sow-editor so-widget-sow-editor-base\"\n\t\t\t\n\t\t>\n<div class=\"siteorigin-widget-tinymce textwidget\">\n\t<div>\n<h1><\/h1>\n<h1 style=\"text-align: center;\">Resist\u00eancias Cer\u00e2mica<\/h1>\n<h6><\/h6>\n<h6 style=\"text-align: center;\">Aplica\u00e7\u00e3o de m\u00e1quinas, transformadoras de pl\u00e1stico ( injetoras, extrusoras, e sopradoras ).<\/h6>\n<p><img loading=\"lazy\" decoding=\"async\" class=\"size-medium wp-image-1443 aligncenter\" src=\"http:\/\/resnand.com.br\/wp-content\/uploads\/2017\/10\/scanner13-300x300.jpg\" alt=\"\" width=\"300\" height=\"300\" srcset=\"https:\/\/resnand.com.br\/wp-content\/uploads\/2017\/10\/scanner13-300x300.jpg 300w, https:\/\/resnand.com.br\/wp-content\/uploads\/2017\/10\/scanner13-150x150.jpg 150w, https:\/\/resnand.com.br\/wp-content\/uploads\/2017\/10\/scanner13-768x768.jpg 768w, https:\/\/resnand.com.br\/wp-content\/uploads\/2017\/10\/scanner13-1024x1024.jpg 1024w, https:\/\/resnand.com.br\/wp-content\/uploads\/2017\/10\/scanner13-510x510.jpg 510w\" sizes=\"auto, (max-width: 300px) 100vw, 300px\" \/><\/p>\n<\/div>\n<p><!-- wp:tadv\/classic-paragraph \/--><\/p>\n<\/div>\n<\/div><\/div><\/div><\/div><\/div>","protected":false},"excerpt":{"rendered":"<p>Resist\u00eancias Cer\u00e2mica Aplica\u00e7\u00e3o de m\u00e1quinas, transformadoras de pl\u00e1stico ( injetoras, extrusoras, e sopradoras ).<\/p>\n","protected":false},"author":1,"featured_media":0,"parent":820,"menu_order":4,"comment_status":"closed","ping_status":"closed","template":"","meta":{"site-sidebar-layout":"default","site-content-layout":"","ast-site-content-layout":"full-width-container","site-content-style":"default","site-sidebar-style":"default","ast-global-header-display":"","ast-banner-title-visibility":"","ast-main-header-display":"","ast-hfb-above-header-display":"","ast-hfb-below-header-display":"","ast-hfb-mobile-header-display":"","site-post-title":"","ast-breadcrumbs-content":"","ast-featured-img":"","footer-sml-layout":"","theme-transparent-header-meta":"default","adv-header-id-meta":"","stick-header-meta":"","header-above-stick-meta":"","header-main-stick-meta":"","header-below-stick-meta":"","astra-migrate-meta-layouts":"set","ast-page-background-enabled":"default","ast-page-background-meta":{"desktop":{"background-color":"var(--ast-global-color-4)","background-image":"","background-repeat":"repeat","background-position":"center center","background-size":"auto","background-attachment":"scroll","background-type":"","background-media":"","overlay-type":"","overlay-color":"","overlay-opacity":"","overlay-gradient":""},"tablet":{"background-color":"","background-image":"","background-repeat":"repeat","background-position":"center center","background-size":"auto","background-attachment":"scroll","background-type":"","background-media":"","overlay-type":"","overlay-color":"","overlay-opacity":"","overlay-gradient":""},"mobile":{"background-color":"","background-image":"","background-repeat":"repeat","background-position":"center center","background-size":"auto","background-attachment":"scroll","background-type":"","background-media":"","overlay-type":"","overlay-color":"","overlay-opacity":"","overlay-gradient":""}},"ast-content-background-meta":{"desktop":{"background-color":"var(--ast-global-color-5)","background-image":"","background-repeat":"repeat","background-position":"center center","background-size":"auto","background-attachment":"scroll","background-type":"","background-media":"","overlay-type":"","overlay-color":"","overlay-opacity":"","overlay-gradient":""},"tablet":{"background-color":"var(--ast-global-color-5)","background-image":"","background-repeat":"repeat","background-position":"center center","background-size":"auto","background-attachment":"scroll","background-type":"","background-media":"","overlay-type":"","overlay-color":"","overlay-opacity":"","overlay-gradient":""},"mobile":{"background-color":"var(--ast-global-color-5)","background-image":"","background-repeat":"repeat","background-position":"center center","background-size":"auto","background-attachment":"scroll","background-type":"","background-media":"","overlay-type":"","overlay-color":"","overlay-opacity":"","overlay-gradient":""}},"footnotes":""},"class_list":["post-1164","page","type-page","status-publish","hentry"],"_links":{"self":[{"href":"https:\/\/resnand.com.br\/index.php?rest_route=\/wp\/v2\/pages\/1164","targetHints":{"allow":["GET"]}}],"collection":[{"href":"https:\/\/resnand.com.br\/index.php?rest_route=\/wp\/v2\/pages"}],"about":[{"href":"https:\/\/resnand.com.br\/index.php?rest_route=\/wp\/v2\/types\/page"}],"author":[{"embeddable":true,"href":"https:\/\/resnand.com.br\/index.php?rest_route=\/wp\/v2\/users\/1"}],"replies":[{"embeddable":true,"href":"https:\/\/resnand.com.br\/index.php?rest_route=%2Fwp%2Fv2%2Fcomments&post=1164"}],"version-history":[{"count":19,"href":"https:\/\/resnand.com.br\/index.php?rest_route=\/wp\/v2\/pages\/1164\/revisions"}],"predecessor-version":[{"id":2601,"href":"https:\/\/resnand.com.br\/index.php?rest_route=\/wp\/v2\/pages\/1164\/revisions\/2601"}],"up":[{"embeddable":true,"href":"https:\/\/resnand.com.br\/index.php?rest_route=\/wp\/v2\/pages\/820"}],"wp:attachment":[{"href":"https:\/\/resnand.com.br\/index.php?rest_route=%2Fwp%2Fv2%2Fmedia&parent=1164"}],"curies":[{"name":"wp","href":"https:\/\/api.w.org\/{rel}","templated":true}]}}