{"id":1177,"date":"2017-10-16T00:36:29","date_gmt":"2017-10-16T02:36:29","guid":{"rendered":"http:\/\/resnand.com.br\/?page_id=1177"},"modified":"2024-11-27T21:12:05","modified_gmt":"2024-11-28T00:12:05","slug":"resnand","status":"publish","type":"page","link":"https:\/\/resnand.com.br\/?page_id=1177","title":{"rendered":"Resnand"},"content":{"rendered":"<div id=\"pl-1177\"  class=\"panel-layout\" ><div id=\"pg-1177-0\"  class=\"panel-grid panel-has-style\" ><div class=\"siteorigin-panels-stretch panel-row-style panel-row-style-for-1177-0\" data-stretch-type=\"full-width-stretch\" ><div id=\"pgc-1177-0-0\"  class=\"panel-grid-cell\" ><div id=\"panel-1177-0-0-0\" class=\"so-panel widget widget_sow-hero panel-first-child panel-last-child\" data-index=\"0\" ><div\n\t\t\t\n\t\t\tclass=\"so-widget-sow-hero so-widget-sow-hero-default-33973dc4f679-1177\"\n\t\t\t\n\t\t>\t\t\t\t<div class=\"sow-slider-base\" style=\"display: none\" tabindex=\"0\">\n\t\t\t\t\t<ul\n\t\t\t\t\tclass=\"sow-slider-images\"\n\t\t\t\t\tdata-settings=\"{&quot;pagination&quot;:true,&quot;speed&quot;:800,&quot;timeout&quot;:8000,&quot;paused&quot;:false,&quot;pause_on_hover&quot;:true,&quot;swipe&quot;:true,&quot;nav_always_show_desktop&quot;:true,&quot;nav_always_show_mobile&quot;:true,&quot;breakpoint&quot;:&quot;780px&quot;,&quot;unmute&quot;:false,&quot;anchor&quot;:null}\"\n\t\t\t\t\tstyle=\"min-height: 350px\"\t\t\t\t\tdata-anchor-id=\"\"\n\t\t\t\t>\t\t<li class=\"sow-slider-image  sow-slider-image-cover\" style=\"visibility: visible;;background-color: #333333;background-image: url(https:\/\/resnand.com.br\/wp-content\/uploads\/2024\/10\/Resnand_03.jpg)\" >\n\t\t\t\t\t<div class=\"sow-slider-image-container\">\n\t\t\t<div class=\"sow-slider-image-wrapper\">\n\t\t\t\t<h6 style=\"text-align: center\">A RESNAND oferece qualidade e confian\u00e7a para os mais variados setores.<\/h6>\n<h6 style=\"text-align: center\">Conte com nossos modelos de resist\u00eancias para garantir uma excelente transfer\u00eancia t\u00e9rmica.<\/h6>\n<h6 style=\"text-align: center\">Mais de 34 anos de tradi\u00e7\u00e3o, vinculados a qualidade dos nossos produtos e flexibilidade da nossa produ\u00e7\u00e3o.<\/h6>\n\t\t\t<\/div>\n\t\t<\/div>\n\t\t\t\t<\/li>\n\t\t<\/ul>\t\t\t\t<ol class=\"sow-slider-pagination\">\n\t\t\t\t\t\t\t\t\t\t\t<li><a href=\"#\" data-goto=\"0\" aria-label=\"Display slide 1\"><\/a><\/li>\n\t\t\t\t\t\t\t\t\t<\/ol>\n\n\t\t\t\t<div class=\"sow-slide-nav sow-slide-nav-next\">\n\t\t\t\t\t<a href=\"#\" data-goto=\"next\" aria-label=\"Next slide\" data-action=\"next\">\n\t\t\t\t\t\t<em class=\"sow-sld-icon-thin-right\"><\/em>\n\t\t\t\t\t<\/a>\n\t\t\t\t<\/div>\n\n\t\t\t\t<div class=\"sow-slide-nav sow-slide-nav-prev\">\n\t\t\t\t\t<a href=\"#\" data-goto=\"previous\" aria-label=\"Previous slide\" data-action=\"prev\">\n\t\t\t\t\t\t<em class=\"sow-sld-icon-thin-left\"><\/em>\n\t\t\t\t\t<\/a>\n\t\t\t\t<\/div>\n\t\t\t\t<\/div><\/div><\/div><\/div><\/div><\/div><div id=\"pg-1177-1\"  class=\"panel-grid panel-no-style\" ><div id=\"pgc-1177-1-0\"  class=\"panel-grid-cell\" ><div id=\"panel-1177-1-0-0\" class=\"so-panel widget widget_sow-editor panel-first-child panel-last-child\" data-index=\"1\" ><div\n\t\t\t\n\t\t\tclass=\"so-widget-sow-editor so-widget-sow-editor-base\"\n\t\t\t\n\t\t>\n<div class=\"siteorigin-widget-tinymce textwidget\">\n\t<p><!-- wp:siteorigin-panels\/layout-block {\"panelsData\":{\"widgets\":[{\"frames\":[{\"content\":\"\\u003ch2 style=\\u0022text-align: center;\\u0022\\u003eSOLU\u00c7\u00d5ES EM RESIST\u00caNCIAS\\u003c\/h2\\u003e\\n\\u003cp style=\\u0022text-align: center;\\u0022\\u003eA RESNAND oferece qualidade e confian\u00e7a para os mais variados setores.\\u003c\/p\\u003e\\n\\u003cp style=\\u0022text-align: center;\\u0022\\u003eConte com nossos modelos de resist\u00eancias para garantir uma excelente transfer\u00eancia t\u00e9rmica.\\u003c\/p\\u003e\\n\\u003cp style=\\u0022text-align: center;\\u0022\\u003eMais de 34 anos de tradi\u00e7\u00e3o, vinculados a qualidade dos nossos produtos e flexibilidade da nossa produ\u00e7\u00e3o.\\u003c\/p\\u003e\\n\",\"content_selected_editor\":\"tmce\",\"background\":{\"image\":2181,\"image_fallback\":\"\",\"size\":\"full\",\"image_type\":\"cover\",\"opacity\":80,\"color\":\"#020202\",\"url\":\"\",\"loop_background_videos\":true,\"background_video_opacity\":30,\"so_field_container_state\":\"open\",\"new_window\":false,\"videos\":[]},\"buttons\":[]}],\"controls\":{\"autoplay\":true,\"speed\":800,\"timeout\":8000,\"nav_color_hex\":\"#FFFFFF\",\"nav_style\":\"thick\",\"nav_size\":10,\"nav_always_show_desktop\":true,\"nav_always_show_mobile\":true,\"swipe\":true,\"unmute\":true,\"unmute_position\":\"top_right\",\"so_field_container_state\":\"open\",\"autoplay_hover\":false,\"background_video_mobile\":false},\"layout\":{\"desktop\":{\"height\":\"450px\",\"height_unit\":\"px\",\"padding\":\"50px\",\"padding_unit\":\"px\",\"padding_extra_top\":\"10px\",\"padding_extra_top_unit\":\"px\",\"padding_sides\":\"5%\",\"padding_sides_unit\":\"%\",\"width\":\"1280px\",\"width_unit\":\"px\",\"so_field_container_state\":\"open\"},\"mobile\":{\"height_responsive\":\"400px\",\"height_responsive_unit\":\"px\",\"padding\":\"10px\",\"padding_unit\":\"px\",\"padding_extra_top\":\"5px\",\"padding_extra_top_unit\":\"px\",\"padding_sides\":false,\"padding_sides_unit\":\"px\",\"so_field_container_state\":\"open\"},\"vertically_align\":true,\"so_field_container_state\":\"open\"},\"design\":{\"heading_font\":\"\",\"heading_color\":\"#ffffff\",\"heading_size\":\"40px\",\"heading_size_unit\":\"px\",\"fittext\":true,\"fittext_compressor\":1,\"heading_shadow\":0,\"text_color\":\"#fcfcff\",\"text_size\":\"25px\",\"text_size_unit\":\"px\",\"text_font\":\"\",\"text_shadow\":100,\"link_color\":false,\"link_color_hover\":false,\"so_field_container_state\":\"open\"},\"_sow_form_id\":\"5870ca6e25a29\",\"_sow_form_timestamp\":\"1666986858606\",\"panels_info\":{\"class\":\"SiteOrigin_Widget_Hero_Widget\",\"grid\":0,\"cell\":0,\"id\":0,\"widget_id\":\"d69ac93a-684d-4569-92f7-3c16877746d3\",\"style\":{\"background_image_attachment\":false,\"background_display\":\"tile\",\"margin\":\"-80px 0px 0px 0px\"},\"label\":\"Slide\"}}],\"grids\":[{\"cells\":1,\"style\":{\"background_image_attachment\":false,\"background_display\":\"tile\",\"bottom_margin\":\"0px\",\"row_stretch\":\"full-stretched\",\"cell_alignment\":\"flex-start\"},\"label\":\"SlidePrincipal\"}],\"grid_cells\":[{\"grid\":0,\"index\":0,\"weight\":1,\"style\":[]}]},\"contentPreview\":\"\\u003cdiv id=\\u0022pl-1177\\u0022  class=\\u0022panel-layout\\u0022 \\u003e\\u003cdiv id=\\u0022pg-1177-0\\u0022  class=\\u0022panel-grid panel-has-style\\u0022 \\u003e\\u003cdiv class=\\u0022siteorigin-panels-stretch panel-row-style panel-row-style-for-1177-0\\u0022 data-stretch-type=\\u0022full-stretched\\u0022 \\u003e\\u003cdiv id=\\u0022pgc-1177-0-0\\u0022  class=\\u0022panel-grid-cell\\u0022 \\u003e\\u003cdiv id=\\u0022panel-1177-0-0-0\\u0022 class=\\u0022so-panel widget widget_sow-hero panel-first-child panel-last-child\\u0022 data-index=\\u00220\\u0022 \\u003e\\u003cdiv\\n\\t\\t\\t\\n\\t\\t\\tclass=\\u0022so-widget-sow-hero so-widget-sow-hero-default-ec2dddbad730- so-widget-fittext-wrapper\\u0022\\n\\t\\t\\t data-fit-text-compressor=\\u00221\\u0022\\n\\t\\t\\u003e\\u003cdiv class=\\u0022sow-slider-base\\u0022 style=\\u0022display: none\\u0022\\u003e\\t\\t\\t\\t\\t\\u003cspan class=\\u0022sow-player-controls-sound\\u0022 style=\\u0022display: none;\\u0022\\u003e\\u003c\/span\\u003e\\n\\t\\t\\t\\t\\t\\u003cul\\n\\t\\t\\t\\t\\tclass=\\u0022sow-slider-images\\u0022\\n\\t\\t\\t\\t\\tdata-settings=\\u0022{\\u0026quot;pagination\\u0026quot;:true,\\u0026quot;speed\\u0026quot;:800,\\u0026quot;timeout\\u0026quot;:8000,\\u0026quot;paused\\u0026quot;:false,\\u0026quot;pause_on_hover\\u0026quot;:false,\\u0026quot;swipe\\u0026quot;:true,\\u0026quot;nav_always_show_desktop\\u0026quot;:true,\\u0026quot;nav_always_show_mobile\\u0026quot;:true,\\u0026quot;breakpoint\\u0026quot;:\\u0026quot;780px\\u0026quot;,\\u0026quot;unmute\\u0026quot;:true,\\u0026quot;anchor\\u0026quot;:null,\\u0026quot;unmuteLoc\\u0026quot;:\\u0026quot;Unmute slide\\u0026quot;,\\u0026quot;muteLoc\\u0026quot;:\\u0026quot;Mute slide\\u0026quot;}\\u0022\\n\\t\\t\\t\\t\\tstyle=\\u0022min-height: 450px\\u0022\\t\\t\\t\\t\\tdata-anchor-id=\\u0022\\u0022\\n\\t\\t\\t\\t\\u003e\\t\\t\\u003cli class=\\u0022sow-slider-image  sow-slider-image-cover\\u0022 style=\\u0022background-color: #020202\\u0022 \\u003e\\n\\t\\t\\t\\t\\t\\u003cdiv class=\\u0022sow-slider-image-container\\u0022\\u003e\\n\\t\\t\\t\\u003cdiv class=\\u0022sow-slider-image-wrapper\\u0022\\u003e\\n\\t\\t\\t\\t\\u003ch2 style=\\u0022text-align: center\\u0022\\u003eSOLU\u00c7\u00d5ES EM RESIST\u00caNCIAS\\u003c\/h2\\u003e\\n\\u003cp style=\\u0022text-align: center\\u0022\\u003eA RESNAND oferece qualidade e confian\u00e7a para os mais variados setores.\\u003c\/p\\u003e\\n\\u003cp style=\\u0022text-align: center\\u0022\\u003eConte com nossos modelos de resist\u00eancias para garantir uma excelente transfer\u00eancia t\u00e9rmica.\\u003c\/p\\u003e\\n\\u003cp style=\\u0022text-align: center\\u0022\\u003eMais de 34 anos de tradi\u00e7\u00e3o, vinculados a qualidade dos nossos produtos e flexibilidade da nossa produ\u00e7\u00e3o.\\u003c\/p\\u003e\\n\\t\\t\\t\\u003c\/div\\u003e\\n\\t\\t\\u003c\/div\\u003e\\n\\t\\t\\u003cdiv class=\\u0022sow-slider-image-overlay sow-slider-image-cover\\u0022 style=\\u0022background-image: url(http:\/\/resnand.com.br\/wp-content\/uploads\/2022\/10\/business_resistencias.jpg);opacity: 0.8\\u0022  \\u003e\\u003c\/div\\u003e\\t\\t\\u003c\/li\\u003e\\n\\t\\t\\u003c\/ul\\u003e\\t\\t\\t\\t\\u003col class=\\u0022sow-slider-pagination\\u0022\\u003e\\n\\t\\t\\t\\t\\t\\t\\t\\t\\t\\t\\t\\u003cli\\u003e\\u003ca href=\\u0022#\\u0022 data-goto=\\u00220\\u0022 aria-label=\\u0022display slide 1\\u0022\\u003e\\u003c\/a\\u003e\\u003c\/li\\u003e\\n\\t\\t\\t\\t\\t\\t\\t\\t\\t\\u003c\/ol\\u003e\\n\\n\\t\\t\\t\\t\\u003cdiv class=\\u0022sow-slide-nav sow-slide-nav-next\\u0022\\u003e\\n\\t\\t\\t\\t\\t\\u003ca href=\\u0022#\\u0022 data-goto=\\u0022next\\u0022 aria-label=\\u0022next slide\\u0022 data-action=\\u0022next\\u0022\\u003e\\n\\t\\t\\t\\t\\t\\t\\u003cem class=\\u0022sow-sld-icon-thick-right\\u0022\\u003e\\u003c\/em\\u003e\\n\\t\\t\\t\\t\\t\\u003c\/a\\u003e\\n\\t\\t\\t\\t\\u003c\/div\\u003e\\n\\n\\t\\t\\t\\t\\u003cdiv class=\\u0022sow-slide-nav sow-slide-nav-prev\\u0022\\u003e\\n\\t\\t\\t\\t\\t\\u003ca href=\\u0022#\\u0022 data-goto=\\u0022previous\\u0022 aria-label=\\u0022previous slide\\u0022 data-action=\\u0022prev\\u0022\\u003e\\n\\t\\t\\t\\t\\t\\t\\u003cem class=\\u0022sow-sld-icon-thick-left\\u0022\\u003e\\u003c\/em\\u003e\\n\\t\\t\\t\\t\\t\\u003c\/a\\u003e\\n\\t\\t\\t\\t\\u003c\/div\\u003e\\n\\t\\t\\t\\t\\u003c\/div\\u003e\\u003c\/div\\u003e\\u003c\/div\\u003e\\t\\t\\t\\t\\u003cstyle\\u003e@media (min-width: 780px) {\\n  .so-widget-sow-hero-default-ec2dddbad730- {\\n    min-height: 450px;\\n  }\\n}\\n@media (max-width: 780px) {\\n  .so-widget-sow-hero-default-ec2dddbad730- {\\n    min-height: 400px;\\n  }\\n}\\n.so-widget-sow-hero-default-ec2dddbad730- .sow-slider-base ul.sow-slider-images {\\n  min-height: 0 !important;\\n}\\n.so-widget-sow-hero-default-ec2dddbad730- .sow-slider-base ul.sow-slider-images .sow-slider-image-wrapper {\\n  padding: calc( 50px + 10px ) 5% 50px 5%;\\n  max-width: 1280px;\\n  height: 450px;\\n  display: flex;\\n  flex-direction: column;\\n  justify-content: center;\\n}\\n@media (max-width: 780px) {\\n  .so-widget-sow-hero-default-ec2dddbad730- .sow-slider-base ul.sow-slider-images .sow-slider-image-wrapper {\\n    height: 400px;\\n    padding-top: calc( 10px + 5px );\\n    \\n    \\n    padding-bottom: 10px;\\n  }\\n}\\n.so-widget-sow-hero-default-ec2dddbad730- .sow-slider-base ul.sow-slider-images .sow-slider-image-wrapper h1,\\n.so-widget-sow-hero-default-ec2dddbad730- .sow-slider-base ul.sow-slider-images .sow-slider-image-wrapper h2,\\n.so-widget-sow-hero-default-ec2dddbad730- .sow-slider-base ul.sow-slider-images .sow-slider-image-wrapper h3,\\n.so-widget-sow-hero-default-ec2dddbad730- .sow-slider-base ul.sow-slider-images .sow-slider-image-wrapper h4,\\n.so-widget-sow-hero-default-ec2dddbad730- .sow-slider-base ul.sow-slider-images .sow-slider-image-wrapper h5,\\n.so-widget-sow-hero-default-ec2dddbad730- .sow-slider-base ul.sow-slider-images .sow-slider-image-wrapper h6 {\\n  line-height: 1.375em;\\n  color: #ffffff;\\n  margin: 0.1em 0;\\n  \\n}\\n.so-widget-sow-hero-default-ec2dddbad730- .sow-slider-base ul.sow-slider-images .sow-slider-image-wrapper h1 {\\n  font-size: 40px;\\n}\\n.so-widget-sow-hero-default-ec2dddbad730- .sow-slider-base ul.sow-slider-images .sow-slider-image-wrapper h2 {\\n  font-size: 34px;\\n}\\n.so-widget-sow-hero-default-ec2dddbad730- .sow-slider-base ul.sow-slider-images .sow-slider-image-wrapper h3 {\\n  font-size: 28px;\\n}\\n.so-widget-sow-hero-default-ec2dddbad730- .sow-slider-base ul.sow-slider-images .sow-slider-image-wrapper h4 {\\n  font-size: 24px;\\n}\\n.so-widget-sow-hero-default-ec2dddbad730- .sow-slider-base ul.sow-slider-images .sow-slider-image-wrapper h5 {\\n  font-size: 20px;\\n}\\n.so-widget-sow-hero-default-ec2dddbad730- .sow-slider-base ul.sow-slider-images .sow-slider-image-wrapper h6 {\\n  font-size: 16px;\\n}\\n.so-widget-sow-hero-default-ec2dddbad730- .sow-slider-base ul.sow-slider-images .sow-slider-image-wrapper p {\\n  color: #fcfcff;\\n  text-shadow: 0 2px 2px #000000;\\n  margin: 1em 0;\\n  font-size: 25px;\\n  \\n}\\n.so-widget-sow-hero-default-ec2dddbad730- .sow-slider-base ul.sow-slider-images .sow-slider-image-wrapper .sow-hero-buttons {\\n  margin-top: 3em;\\n  padding-bottom: 0.2em;\\n}\\n.so-widget-sow-hero-default-ec2dddbad730- .sow-slider-base ul.sow-slider-images .sow-slider-image-wrapper .sow-hero-buttons .so-widget-sow-button {\\n  display: inline-block;\\n  margin: 3px 6px 0;\\n}\\n.so-widget-sow-hero-default-ec2dddbad730- .sow-slider-base .sow-slider-pagination li a {\\n  background: #ffffff;\\n}\\n.so-widget-sow-hero-default-ec2dddbad730- .sow-slider-base .sow-slide-nav {\\n  font-size: 10px;\\n}\\n.so-widget-sow-hero-default-ec2dddbad730- .sow-slider-base .sow-slide-nav a {\\n  color: #ffffff;\\n}\\n@font-face {\\n  font-family: 'so-slider-volume-controls';\\n  src: url('\/wp-content\/plugins\/so-widgets-bundle\/css\/slider\/fonts\/volume-controls.eot?aieqpp#iefix') format('embedded-opentype'), url('\/wp-content\/plugins\/so-widgets-bundle\/css\/slider\/fonts\/volume-controls.ttf?aieqpp') format('truetype'), url('\/wp-content\/plugins\/so-widgets-bundle\/css\/slider\/fonts\/volume-controls.woff?aieqpp') format('woff'), url('\/wp-content\/plugins\/so-widgets-bundle\/css\/slider\/fonts\/volume-controls.svg?aieqpp#so') format('svg');\\n  font-weight: normal;\\n  font-style: normal;\\n  font-display: block;\\n}\\n.so-widget-sow-hero-default-ec2dddbad730- .sow-player-controls-sound {\\n  position: absolute;\\n  z-index: 101;\\n  top: 11px;\\n  right: 8px;\\n}\\n.so-widget-sow-hero-default-ec2dddbad730- .sow-player-controls-sound::before {\\n  background: rgba(0, 0, 0, 0.8);\\n  border-radius: 4px;\\n  color: #fff;\\n  content: \\u0022\\\\e900\\u0022;\\n  cursor: pointer;\\n  font-family: 'so-slider-volume-controls';\\n  font-size: 20px;\\n  padding: 10px;\\n}\\n.so-widget-sow-hero-default-ec2dddbad730- .sow-player-controls-sound:hover::before,\\n.so-widget-sow-hero-default-ec2dddbad730- .sow-player-controls-sound:focus::before {\\n  content: \\u0022\\\\e901\\u0022;\\n}\\n.so-widget-sow-hero-default-ec2dddbad730- .sow-player-controls-sound.sow-player-unmuted:hover::before,\\n.so-widget-sow-hero-default-ec2dddbad730- .sow-player-controls-sound.sow-player-unmuted:focus::before {\\n  content: \\u0022\\\\e901\\u0022;\\n}\\n.so-widget-sow-hero-default-ec2dddbad730- .sow-player-controls-sound.sow-player-unmuted::before {\\n  content: \\u0022\\\\e901\\u0022;\\n}\\n.so-widget-sow-hero-default-ec2dddbad730- .sow-player-controls-sound.sow-player-unmuted:hover::before,\\n.so-widget-sow-hero-default-ec2dddbad730- .sow-player-controls-sound.sow-player-unmuted:focus::before {\\n  content: \\u0022\\\\e900\\u0022;\\n}\\u003c\/style\\u003e\\n\\t\\t\\t\\t\\u003c\/div\\u003e\\u003c\/div\\u003e\\u003c\/div\\u003e\\u003c\/div\\u003e\"} --><\/p>\n<div class=\"wp-block-siteorigin-panels-layout-block\"><\/div>\n<p><!-- \/wp:siteorigin-panels\/layout-block --><\/p>\n<p style=\"text-align: justify;\">A Resnand com 34 anos de tradi\u00e7\u00e3o no desenvolvimento e fabrica\u00e7\u00e3o de Resist\u00eancias El\u00e9tricas para aplica\u00e7\u00f5es industriais no mercado brasileiro.<\/p>\n<p style=\"text-align: justify;\" align=\"left\">Especializada no desenvolvimento e fabrica\u00e7\u00e3o de Resist\u00eancias para aquecimento industrial conforme a necessidade de nossos clientes, com atendimento diferenciado, aprimorando a qualidade final dos nossos produtos.<\/p>\n<p style=\"text-align: justify;\">Reestruturamos a capacidade da empresa para melhor atender a todas as necessidades e solicita\u00e7\u00f5es de nossos clientes.<\/p>\n<\/div>\n<\/div><\/div><\/div><\/div><\/div>","protected":false},"excerpt":{"rendered":"<p>A Resnand com 34 anos de tradi\u00e7\u00e3o no desenvolvimento e fabrica\u00e7\u00e3o de Resist\u00eancias El\u00e9tricas para aplica\u00e7\u00f5es industriais no mercado brasileiro. [&hellip;]<\/p>\n","protected":false},"author":1,"featured_media":0,"parent":0,"menu_order":2,"comment_status":"closed","ping_status":"closed","template":"","meta":{"site-sidebar-layout":"default","site-content-layout":"","ast-site-content-layout":"full-width-container","site-content-style":"default","site-sidebar-style":"default","ast-global-header-display":"","ast-banner-title-visibility":"","ast-main-header-display":"","ast-hfb-above-header-display":"","ast-hfb-below-header-display":"","ast-hfb-mobile-header-display":"","site-post-title":"","ast-breadcrumbs-content":"","ast-featured-img":"","footer-sml-layout":"","theme-transparent-header-meta":"default","adv-header-id-meta":"","stick-header-meta":"","header-above-stick-meta":"","header-main-stick-meta":"","header-below-stick-meta":"","astra-migrate-meta-layouts":"set","ast-page-background-enabled":"default","ast-page-background-meta":{"desktop":{"background-color":"var(--ast-global-color-4)","background-image":"","background-repeat":"repeat","background-position":"center center","background-size":"auto","background-attachment":"scroll","background-type":"","background-media":"","overlay-type":"","overlay-color":"","overlay-opacity":"","overlay-gradient":""},"tablet":{"background-color":"","background-image":"","background-repeat":"repeat","background-position":"center center","background-size":"auto","background-attachment":"scroll","background-type":"","background-media":"","overlay-type":"","overlay-color":"","overlay-opacity":"","overlay-gradient":""},"mobile":{"background-color":"","background-image":"","background-repeat":"repeat","background-position":"center center","background-size":"auto","background-attachment":"scroll","background-type":"","background-media":"","overlay-type":"","overlay-color":"","overlay-opacity":"","overlay-gradient":""}},"ast-content-background-meta":{"desktop":{"background-color":"var(--ast-global-color-5)","background-image":"","background-repeat":"repeat","background-position":"center center","background-size":"auto","background-attachment":"scroll","background-type":"","background-media":"","overlay-type":"","overlay-color":"","overlay-opacity":"","overlay-gradient":""},"tablet":{"background-color":"var(--ast-global-color-5)","background-image":"","background-repeat":"repeat","background-position":"center center","background-size":"auto","background-attachment":"scroll","background-type":"","background-media":"","overlay-type":"","overlay-color":"","overlay-opacity":"","overlay-gradient":""},"mobile":{"background-color":"var(--ast-global-color-5)","background-image":"","background-repeat":"repeat","background-position":"center center","background-size":"auto","background-attachment":"scroll","background-type":"","background-media":"","overlay-type":"","overlay-color":"","overlay-opacity":"","overlay-gradient":""}},"footnotes":""},"class_list":["post-1177","page","type-page","status-publish","hentry"],"_links":{"self":[{"href":"https:\/\/resnand.com.br\/index.php?rest_route=\/wp\/v2\/pages\/1177","targetHints":{"allow":["GET"]}}],"collection":[{"href":"https:\/\/resnand.com.br\/index.php?rest_route=\/wp\/v2\/pages"}],"about":[{"href":"https:\/\/resnand.com.br\/index.php?rest_route=\/wp\/v2\/types\/page"}],"author":[{"embeddable":true,"href":"https:\/\/resnand.com.br\/index.php?rest_route=\/wp\/v2\/users\/1"}],"replies":[{"embeddable":true,"href":"https:\/\/resnand.com.br\/index.php?rest_route=%2Fwp%2Fv2%2Fcomments&post=1177"}],"version-history":[{"count":91,"href":"https:\/\/resnand.com.br\/index.php?rest_route=\/wp\/v2\/pages\/1177\/revisions"}],"predecessor-version":[{"id":2659,"href":"https:\/\/resnand.com.br\/index.php?rest_route=\/wp\/v2\/pages\/1177\/revisions\/2659"}],"wp:attachment":[{"href":"https:\/\/resnand.com.br\/index.php?rest_route=%2Fwp%2Fv2%2Fmedia&parent=1177"}],"curies":[{"name":"wp","href":"https:\/\/api.w.org\/{rel}","templated":true}]}}