{"id":1562,"date":"2017-10-31T19:30:18","date_gmt":"2017-10-31T21:30:18","guid":{"rendered":"http:\/\/resnand.com.br\/?page_id=1562"},"modified":"2024-10-26T17:25:49","modified_gmt":"2024-10-26T20:25:49","slug":"projeto-e-confeccao-de-maquina-automatica-de-corte-para-papel-de-bateria-eletrica","status":"publish","type":"page","link":"https:\/\/resnand.com.br\/?page_id=1562","title":{"rendered":"Projeto e Fabrica\u00e7\u00e3o m\u00e1quina autom\u00e1tica corte papel bateria el\u00e9trica"},"content":{"rendered":"<div id=\"pl-1562\"  class=\"panel-layout\" ><div id=\"pg-1562-0\"  class=\"panel-grid panel-has-style\" ><div class=\"siteorigin-panels-stretch panel-row-style panel-row-style-for-1562-0\" data-stretch-type=\"full-width-stretch\" ><div id=\"pgc-1562-0-0\"  class=\"panel-grid-cell\" ><div id=\"panel-1562-0-0-0\" class=\"so-panel widget widget_sow-hero panel-first-child panel-last-child\" data-index=\"0\" ><div\n\t\t\t\n\t\t\tclass=\"so-widget-sow-hero so-widget-sow-hero-default-33973dc4f679-1562\"\n\t\t\t\n\t\t>\t\t\t\t<div class=\"sow-slider-base\" style=\"display: none\" tabindex=\"0\">\n\t\t\t\t\t<ul\n\t\t\t\t\tclass=\"sow-slider-images\"\n\t\t\t\t\tdata-settings=\"{&quot;pagination&quot;:true,&quot;speed&quot;:800,&quot;timeout&quot;:8000,&quot;paused&quot;:false,&quot;pause_on_hover&quot;:true,&quot;swipe&quot;:true,&quot;nav_always_show_desktop&quot;:true,&quot;nav_always_show_mobile&quot;:true,&quot;breakpoint&quot;:&quot;780px&quot;,&quot;unmute&quot;:false,&quot;anchor&quot;:null}\"\n\t\t\t\t\tstyle=\"min-height: 350px\"\t\t\t\t\tdata-anchor-id=\"\"\n\t\t\t\t>\t\t<li class=\"sow-slider-image  sow-slider-image-cover\" style=\"visibility: visible;;background-color: #333333;background-image: url(https:\/\/resnand.com.br\/wp-content\/uploads\/2024\/10\/nossos_produtos_02.jpg)\" >\n\t\t\t\t\t<div class=\"sow-slider-image-container\">\n\t\t\t<div class=\"sow-slider-image-wrapper\">\n\t\t\t\t<h3 style=\"text-align: center\">ALGUNS DE NOSSOS PROJETOS<\/h3>\n\t\t\t<\/div>\n\t\t<\/div>\n\t\t\t\t<\/li>\n\t\t<\/ul>\t\t\t\t<ol class=\"sow-slider-pagination\">\n\t\t\t\t\t\t\t\t\t\t\t<li><a href=\"#\" data-goto=\"0\" aria-label=\"Display slide 1\"><\/a><\/li>\n\t\t\t\t\t\t\t\t\t<\/ol>\n\n\t\t\t\t<div class=\"sow-slide-nav sow-slide-nav-next\">\n\t\t\t\t\t<a href=\"#\" data-goto=\"next\" aria-label=\"Next slide\" data-action=\"next\">\n\t\t\t\t\t\t<em class=\"sow-sld-icon-thin-right\"><\/em>\n\t\t\t\t\t<\/a>\n\t\t\t\t<\/div>\n\n\t\t\t\t<div class=\"sow-slide-nav sow-slide-nav-prev\">\n\t\t\t\t\t<a href=\"#\" data-goto=\"previous\" aria-label=\"Previous slide\" data-action=\"prev\">\n\t\t\t\t\t\t<em class=\"sow-sld-icon-thin-left\"><\/em>\n\t\t\t\t\t<\/a>\n\t\t\t\t<\/div>\n\t\t\t\t<\/div><\/div><\/div><\/div><\/div><\/div><div id=\"pg-1562-1\"  class=\"panel-grid panel-no-style\" ><div id=\"pgc-1562-1-0\"  class=\"panel-grid-cell\" ><div id=\"panel-1562-1-0-0\" class=\"so-panel widget widget_sow-editor panel-first-child panel-last-child\" data-index=\"1\" ><div\n\t\t\t\n\t\t\tclass=\"so-widget-sow-editor so-widget-sow-editor-base\"\n\t\t\t\n\t\t>\n<div class=\"siteorigin-widget-tinymce textwidget\">\n\t<h1 style=\"text-align: center;\">Projeto e Fabrica\u00e7\u00e3o m\u00e1quina autom\u00e1tica corte papel bateria el\u00e9trica<\/h1>\n<p style=\"text-align: center;\">Projeto e confec\u00e7\u00e3o de maquina autom\u00e1tica de corte para papel de bateria el\u00e9trica.<\/p>\n<figure id=\"attachment_1564\" aria-describedby=\"caption-attachment-1564\" style=\"width: 500px\" class=\"wp-caption aligncenter\"><img loading=\"lazy\" decoding=\"async\" class=\"wp-image-1564\" src=\"http:\/\/resnand.com.br\/wp-content\/uploads\/2017\/10\/Imagem7-300x180.jpg\" alt=\"M\u00e1quina de Corte Papel Bateria El\u00e9trica\" width=\"500\" height=\"300\" srcset=\"https:\/\/resnand.com.br\/wp-content\/uploads\/2017\/10\/Imagem7-300x180.jpg 300w, https:\/\/resnand.com.br\/wp-content\/uploads\/2017\/10\/Imagem7-768x461.jpg 768w, https:\/\/resnand.com.br\/wp-content\/uploads\/2017\/10\/Imagem7.jpg 835w\" sizes=\"auto, (max-width: 500px) 100vw, 500px\" \/><figcaption id=\"caption-attachment-1564\" class=\"wp-caption-text\">M\u00e1quina de Corte Papel Bateria El\u00e9trica<\/figcaption><\/figure>\n<figure id=\"attachment_1565\" aria-describedby=\"caption-attachment-1565\" style=\"width: 500px\" class=\"wp-caption aligncenter\"><img loading=\"lazy\" decoding=\"async\" class=\"wp-image-1565\" src=\"http:\/\/resnand.com.br\/wp-content\/uploads\/2017\/10\/Imagem8-300x180.jpg\" alt=\"Painel El\u00e9trico\" width=\"500\" height=\"301\" srcset=\"https:\/\/resnand.com.br\/wp-content\/uploads\/2017\/10\/Imagem8-300x180.jpg 300w, https:\/\/resnand.com.br\/wp-content\/uploads\/2017\/10\/Imagem8.jpg 544w\" sizes=\"auto, (max-width: 500px) 100vw, 500px\" \/><figcaption id=\"caption-attachment-1565\" class=\"wp-caption-text\">Painel El\u00e9trico<\/figcaption><\/figure>\n<\/div>\n<\/div><\/div><\/div><\/div><\/div>","protected":false},"excerpt":{"rendered":"<p>Projeto e Fabrica\u00e7\u00e3o m\u00e1quina autom\u00e1tica corte papel bateria el\u00e9trica Projeto e confec\u00e7\u00e3o de maquina autom\u00e1tica de corte para papel de [&hellip;]<\/p>\n","protected":false},"author":1,"featured_media":0,"parent":1531,"menu_order":0,"comment_status":"closed","ping_status":"closed","template":"","meta":{"site-sidebar-layout":"default","site-content-layout":"","ast-site-content-layout":"full-width-container","site-content-style":"default","site-sidebar-style":"default","ast-global-header-display":"","ast-banner-title-visibility":"","ast-main-header-display":"","ast-hfb-above-header-display":"","ast-hfb-below-header-display":"","ast-hfb-mobile-header-display":"","site-post-title":"","ast-breadcrumbs-content":"","ast-featured-img":"","footer-sml-layout":"","theme-transparent-header-meta":"default","adv-header-id-meta":"","stick-header-meta":"","header-above-stick-meta":"","header-main-stick-meta":"","header-below-stick-meta":"","astra-migrate-meta-layouts":"set","ast-page-background-enabled":"default","ast-page-background-meta":{"desktop":{"background-color":"var(--ast-global-color-4)","background-image":"","background-repeat":"repeat","background-position":"center center","background-size":"auto","background-attachment":"scroll","background-type":"","background-media":"","overlay-type":"","overlay-color":"","overlay-opacity":"","overlay-gradient":""},"tablet":{"background-color":"","background-image":"","background-repeat":"repeat","background-position":"center center","background-size":"auto","background-attachment":"scroll","background-type":"","background-media":"","overlay-type":"","overlay-color":"","overlay-opacity":"","overlay-gradient":""},"mobile":{"background-color":"","background-image":"","background-repeat":"repeat","background-position":"center center","background-size":"auto","background-attachment":"scroll","background-type":"","background-media":"","overlay-type":"","overlay-color":"","overlay-opacity":"","overlay-gradient":""}},"ast-content-background-meta":{"desktop":{"background-color":"var(--ast-global-color-5)","background-image":"","background-repeat":"repeat","background-position":"center center","background-size":"auto","background-attachment":"scroll","background-type":"","background-media":"","overlay-type":"","overlay-color":"","overlay-opacity":"","overlay-gradient":""},"tablet":{"background-color":"var(--ast-global-color-5)","background-image":"","background-repeat":"repeat","background-position":"center center","background-size":"auto","background-attachment":"scroll","background-type":"","background-media":"","overlay-type":"","overlay-color":"","overlay-opacity":"","overlay-gradient":""},"mobile":{"background-color":"var(--ast-global-color-5)","background-image":"","background-repeat":"repeat","background-position":"center center","background-size":"auto","background-attachment":"scroll","background-type":"","background-media":"","overlay-type":"","overlay-color":"","overlay-opacity":"","overlay-gradient":""}},"footnotes":""},"class_list":["post-1562","page","type-page","status-publish","hentry"],"_links":{"self":[{"href":"https:\/\/resnand.com.br\/index.php?rest_route=\/wp\/v2\/pages\/1562","targetHints":{"allow":["GET"]}}],"collection":[{"href":"https:\/\/resnand.com.br\/index.php?rest_route=\/wp\/v2\/pages"}],"about":[{"href":"https:\/\/resnand.com.br\/index.php?rest_route=\/wp\/v2\/types\/page"}],"author":[{"embeddable":true,"href":"https:\/\/resnand.com.br\/index.php?rest_route=\/wp\/v2\/users\/1"}],"replies":[{"embeddable":true,"href":"https:\/\/resnand.com.br\/index.php?rest_route=%2Fwp%2Fv2%2Fcomments&post=1562"}],"version-history":[{"count":14,"href":"https:\/\/resnand.com.br\/index.php?rest_route=\/wp\/v2\/pages\/1562\/revisions"}],"predecessor-version":[{"id":2613,"href":"https:\/\/resnand.com.br\/index.php?rest_route=\/wp\/v2\/pages\/1562\/revisions\/2613"}],"up":[{"embeddable":true,"href":"https:\/\/resnand.com.br\/index.php?rest_route=\/wp\/v2\/pages\/1531"}],"wp:attachment":[{"href":"https:\/\/resnand.com.br\/index.php?rest_route=%2Fwp%2Fv2%2Fmedia&parent=1562"}],"curies":[{"name":"wp","href":"https:\/\/api.w.org\/{rel}","templated":true}]}}