{"id":1576,"date":"2017-10-31T19:43:53","date_gmt":"2017-10-31T21:43:53","guid":{"rendered":"http:\/\/resnand.com.br\/?page_id=1576"},"modified":"2024-10-26T17:22:09","modified_gmt":"2024-10-26T20:22:09","slug":"forno-de-queima","status":"publish","type":"page","link":"https:\/\/resnand.com.br\/?page_id=1576","title":{"rendered":"Fabrica\u00e7\u00e3o Forno de Queima"},"content":{"rendered":"<div id=\"pl-1576\"  class=\"panel-layout\" ><div id=\"pg-1576-0\"  class=\"panel-grid panel-has-style\" ><div class=\"siteorigin-panels-stretch panel-row-style panel-row-style-for-1576-0\" data-stretch-type=\"full-width-stretch\" ><div id=\"pgc-1576-0-0\"  class=\"panel-grid-cell\" ><div id=\"panel-1576-0-0-0\" class=\"so-panel widget widget_sow-hero panel-first-child panel-last-child\" data-index=\"0\" ><div\n\t\t\t\n\t\t\tclass=\"so-widget-sow-hero so-widget-sow-hero-default-33973dc4f679-1576\"\n\t\t\t\n\t\t>\t\t\t\t<div class=\"sow-slider-base\" style=\"display: none\" tabindex=\"0\">\n\t\t\t\t\t<ul\n\t\t\t\t\tclass=\"sow-slider-images\"\n\t\t\t\t\tdata-settings=\"{&quot;pagination&quot;:true,&quot;speed&quot;:800,&quot;timeout&quot;:8000,&quot;paused&quot;:false,&quot;pause_on_hover&quot;:true,&quot;swipe&quot;:true,&quot;nav_always_show_desktop&quot;:true,&quot;nav_always_show_mobile&quot;:true,&quot;breakpoint&quot;:&quot;780px&quot;,&quot;unmute&quot;:false,&quot;anchor&quot;:null}\"\n\t\t\t\t\tstyle=\"min-height: 350px\"\t\t\t\t\tdata-anchor-id=\"\"\n\t\t\t\t>\t\t<li class=\"sow-slider-image  sow-slider-image-cover\" style=\"visibility: visible;;background-color: #333333;background-image: url(https:\/\/resnand.com.br\/wp-content\/uploads\/2024\/10\/nossos_produtos_02.jpg)\" >\n\t\t\t\t\t<div class=\"sow-slider-image-container\">\n\t\t\t<div class=\"sow-slider-image-wrapper\">\n\t\t\t\t<h3 style=\"text-align: center\">ALGUNS DE NOSSOS PROJETOS<\/h3>\n\t\t\t<\/div>\n\t\t<\/div>\n\t\t\t\t<\/li>\n\t\t<\/ul>\t\t\t\t<ol class=\"sow-slider-pagination\">\n\t\t\t\t\t\t\t\t\t\t\t<li><a href=\"#\" data-goto=\"0\" aria-label=\"Display slide 1\"><\/a><\/li>\n\t\t\t\t\t\t\t\t\t<\/ol>\n\n\t\t\t\t<div class=\"sow-slide-nav sow-slide-nav-next\">\n\t\t\t\t\t<a href=\"#\" data-goto=\"next\" aria-label=\"Next slide\" data-action=\"next\">\n\t\t\t\t\t\t<em class=\"sow-sld-icon-thin-right\"><\/em>\n\t\t\t\t\t<\/a>\n\t\t\t\t<\/div>\n\n\t\t\t\t<div class=\"sow-slide-nav sow-slide-nav-prev\">\n\t\t\t\t\t<a href=\"#\" data-goto=\"previous\" aria-label=\"Previous slide\" data-action=\"prev\">\n\t\t\t\t\t\t<em class=\"sow-sld-icon-thin-left\"><\/em>\n\t\t\t\t\t<\/a>\n\t\t\t\t<\/div>\n\t\t\t\t<\/div><\/div><\/div><\/div><\/div><\/div><div id=\"pg-1576-1\"  class=\"panel-grid panel-no-style\" ><div id=\"pgc-1576-1-0\"  class=\"panel-grid-cell\" ><div id=\"panel-1576-1-0-0\" class=\"so-panel widget widget_sow-editor panel-first-child panel-last-child\" data-index=\"1\" ><div\n\t\t\t\n\t\t\tclass=\"so-widget-sow-editor so-widget-sow-editor-base\"\n\t\t\t\n\t\t>\n<div class=\"siteorigin-widget-tinymce textwidget\">\n\t<h1 class=\"wp-block wp-block-post-title block-editor-block-list__block editor-post-title editor-post-title__input rich-text is-focus-mode\" style=\"text-align: center;\" role=\"textbox\" contenteditable=\"true\" aria-label=\"Adicionar t\u00edtulo\" aria-multiline=\"true\">Fabrica\u00e7\u00e3o Forno de Queima<\/h1>\n<p style=\"text-align: center;\">Fabrica\u00e7\u00e3o Forno de Queima<\/p>\n<figure id=\"attachment_1588\" aria-describedby=\"caption-attachment-1588\" style=\"width: 500px\" class=\"wp-caption aligncenter\"><img loading=\"lazy\" decoding=\"async\" class=\"wp-image-1588\" src=\"http:\/\/resnand.com.br\/wp-content\/uploads\/2017\/10\/Imagem16.jpg\" alt=\"Projeto e fabrica\u00e7\u00e3o de 5 fornos de curva\u00e7\u00e3o.\" width=\"500\" height=\"301\" srcset=\"https:\/\/resnand.com.br\/wp-content\/uploads\/2017\/10\/Imagem16.jpg 730w, https:\/\/resnand.com.br\/wp-content\/uploads\/2017\/10\/Imagem16-300x180.jpg 300w\" sizes=\"auto, (max-width: 500px) 100vw, 500px\" \/><figcaption id=\"caption-attachment-1588\" class=\"wp-caption-text\">Projeto e fabrica\u00e7\u00e3o de 5 fornos de curva\u00e7\u00e3o.<\/figcaption><\/figure>\n<figure id=\"attachment_1589\" aria-describedby=\"caption-attachment-1589\" style=\"width: 500px\" class=\"wp-caption aligncenter\"><img loading=\"lazy\" decoding=\"async\" class=\"wp-image-1589\" src=\"http:\/\/resnand.com.br\/wp-content\/uploads\/2017\/10\/Imagem17.jpg\" alt=\"Projeto e fabrica\u00e7\u00e3o de forno de queima de serigrafia.\" width=\"500\" height=\"301\" srcset=\"https:\/\/resnand.com.br\/wp-content\/uploads\/2017\/10\/Imagem17.jpg 730w, https:\/\/resnand.com.br\/wp-content\/uploads\/2017\/10\/Imagem17-300x180.jpg 300w\" sizes=\"auto, (max-width: 500px) 100vw, 500px\" \/><figcaption id=\"caption-attachment-1589\" class=\"wp-caption-text\">Projeto e fabrica\u00e7\u00e3o de forno de queima de serigrafia.<\/figcaption><\/figure>\n<figure id=\"attachment_1579\" aria-describedby=\"caption-attachment-1579\" style=\"width: 500px\" class=\"wp-caption aligncenter\"><img loading=\"lazy\" decoding=\"async\" class=\"wp-image-1579\" src=\"http:\/\/resnand.com.br\/wp-content\/uploads\/2017\/10\/Imagem11-300x180.jpg\" alt=\"Forno de Queima\" width=\"500\" height=\"300\" srcset=\"https:\/\/resnand.com.br\/wp-content\/uploads\/2017\/10\/Imagem11-300x180.jpg 300w, https:\/\/resnand.com.br\/wp-content\/uploads\/2017\/10\/Imagem11-768x461.jpg 768w, https:\/\/resnand.com.br\/wp-content\/uploads\/2017\/10\/Imagem11.jpg 838w\" sizes=\"auto, (max-width: 500px) 100vw, 500px\" \/><figcaption id=\"caption-attachment-1579\" class=\"wp-caption-text\">Forno de Queima<\/figcaption><\/figure>\n<figure id=\"attachment_1580\" aria-describedby=\"caption-attachment-1580\" style=\"width: 400px\" class=\"wp-caption aligncenter\"><img loading=\"lazy\" decoding=\"async\" class=\"wp-image-1580\" src=\"http:\/\/resnand.com.br\/wp-content\/uploads\/2017\/10\/Imagem12.jpg\" alt=\"Forno de Queima\" width=\"400\" height=\"529\" srcset=\"https:\/\/resnand.com.br\/wp-content\/uploads\/2017\/10\/Imagem12.jpg 440w, https:\/\/resnand.com.br\/wp-content\/uploads\/2017\/10\/Imagem12-227x300.jpg 227w\" sizes=\"auto, (max-width: 400px) 100vw, 400px\" \/><figcaption id=\"caption-attachment-1580\" class=\"wp-caption-text\">Forno de Queima<\/figcaption><\/figure>\n<\/div>\n<\/div><\/div><\/div><\/div><\/div>","protected":false},"excerpt":{"rendered":"<p>Fabrica\u00e7\u00e3o Forno de Queima Fabrica\u00e7\u00e3o Forno de Queima<\/p>\n","protected":false},"author":1,"featured_media":0,"parent":1531,"menu_order":0,"comment_status":"closed","ping_status":"closed","template":"","meta":{"site-sidebar-layout":"default","site-content-layout":"","ast-site-content-layout":"full-width-container","site-content-style":"default","site-sidebar-style":"default","ast-global-header-display":"","ast-banner-title-visibility":"","ast-main-header-display":"","ast-hfb-above-header-display":"","ast-hfb-below-header-display":"","ast-hfb-mobile-header-display":"","site-post-title":"","ast-breadcrumbs-content":"","ast-featured-img":"","footer-sml-layout":"","theme-transparent-header-meta":"default","adv-header-id-meta":"","stick-header-meta":"","header-above-stick-meta":"","header-main-stick-meta":"","header-below-stick-meta":"","astra-migrate-meta-layouts":"set","ast-page-background-enabled":"default","ast-page-background-meta":{"desktop":{"background-color":"var(--ast-global-color-4)","background-image":"","background-repeat":"repeat","background-position":"center center","background-size":"auto","background-attachment":"scroll","background-type":"","background-media":"","overlay-type":"","overlay-color":"","overlay-opacity":"","overlay-gradient":""},"tablet":{"background-color":"","background-image":"","background-repeat":"repeat","background-position":"center center","background-size":"auto","background-attachment":"scroll","background-type":"","background-media":"","overlay-type":"","overlay-color":"","overlay-opacity":"","overlay-gradient":""},"mobile":{"background-color":"","background-image":"","background-repeat":"repeat","background-position":"center center","background-size":"auto","background-attachment":"scroll","background-type":"","background-media":"","overlay-type":"","overlay-color":"","overlay-opacity":"","overlay-gradient":""}},"ast-content-background-meta":{"desktop":{"background-color":"var(--ast-global-color-5)","background-image":"","background-repeat":"repeat","background-position":"center center","background-size":"auto","background-attachment":"scroll","background-type":"","background-media":"","overlay-type":"","overlay-color":"","overlay-opacity":"","overlay-gradient":""},"tablet":{"background-color":"var(--ast-global-color-5)","background-image":"","background-repeat":"repeat","background-position":"center center","background-size":"auto","background-attachment":"scroll","background-type":"","background-media":"","overlay-type":"","overlay-color":"","overlay-opacity":"","overlay-gradient":""},"mobile":{"background-color":"var(--ast-global-color-5)","background-image":"","background-repeat":"repeat","background-position":"center center","background-size":"auto","background-attachment":"scroll","background-type":"","background-media":"","overlay-type":"","overlay-color":"","overlay-opacity":"","overlay-gradient":""}},"footnotes":""},"class_list":["post-1576","page","type-page","status-publish","hentry"],"_links":{"self":[{"href":"https:\/\/resnand.com.br\/index.php?rest_route=\/wp\/v2\/pages\/1576","targetHints":{"allow":["GET"]}}],"collection":[{"href":"https:\/\/resnand.com.br\/index.php?rest_route=\/wp\/v2\/pages"}],"about":[{"href":"https:\/\/resnand.com.br\/index.php?rest_route=\/wp\/v2\/types\/page"}],"author":[{"embeddable":true,"href":"https:\/\/resnand.com.br\/index.php?rest_route=\/wp\/v2\/users\/1"}],"replies":[{"embeddable":true,"href":"https:\/\/resnand.com.br\/index.php?rest_route=%2Fwp%2Fv2%2Fcomments&post=1576"}],"version-history":[{"count":14,"href":"https:\/\/resnand.com.br\/index.php?rest_route=\/wp\/v2\/pages\/1576\/revisions"}],"predecessor-version":[{"id":2610,"href":"https:\/\/resnand.com.br\/index.php?rest_route=\/wp\/v2\/pages\/1576\/revisions\/2610"}],"up":[{"embeddable":true,"href":"https:\/\/resnand.com.br\/index.php?rest_route=\/wp\/v2\/pages\/1531"}],"wp:attachment":[{"href":"https:\/\/resnand.com.br\/index.php?rest_route=%2Fwp%2Fv2%2Fmedia&parent=1576"}],"curies":[{"name":"wp","href":"https:\/\/api.w.org\/{rel}","templated":true}]}}